{"id":17369,"date":"2025-06-10T08:32:57","date_gmt":"2025-06-10T06:32:57","guid":{"rendered":"https:\/\/unsere-apo.de\/kariyer\/"},"modified":"2025-09-12T14:32:40","modified_gmt":"2025-09-12T12:32:40","slug":"kariyer","status":"publish","type":"page","link":"https:\/\/unsere-apo.de\/tr\/kariyer\/","title":{"rendered":"Kariyer"},"content":{"rendered":"\t\t<div data-elementor-type=\"wp-page\" data-elementor-id=\"17369\" class=\"elementor elementor-17369 elementor-15644\" data-elementor-post-type=\"page\">\n\t\t\t\t<div class=\"elementor-element elementor-element-38465f0 hexagon-hero e-flex e-con-boxed e-con e-parent\" data-id=\"38465f0\" data-element_type=\"container\" data-e-type=\"container\" data-settings=\"{&quot;background_background&quot;:&quot;classic&quot;}\">\n\t\t\t\t\t<div class=\"e-con-inner\">\n\t\t<div class=\"elementor-element elementor-element-97e6ab1 e-con-full hexagon-hero_inner white-text animated-slow e-flex elementor-invisible e-con e-child\" data-id=\"97e6ab1\" data-element_type=\"container\" data-e-type=\"container\" data-settings=\"{&quot;background_background&quot;:&quot;video&quot;,&quot;animation&quot;:&quot;fadeIn&quot;,&quot;animation_delay&quot;:500}\">\n\t\t\t\t<div class=\"elementor-element elementor-element-c7a29f5 elementor-widget elementor-widget-heading\" data-id=\"c7a29f5\" data-element_type=\"widget\" data-e-type=\"widget\" data-widget_type=\"heading.default\">\n\t\t\t\t\t<h1 class=\"elementor-heading-title elementor-size-default\">Yapt\u0131\u011f\u0131m\u0131z i\u015fi seviyoruz<\/h1>\t\t\t\t<\/div>\n\t\t\t\t<div class=\"elementor-element elementor-element-e8b301f elementor-align-left button-outline elementor-widget elementor-widget-button\" data-id=\"e8b301f\" data-element_type=\"widget\" data-e-type=\"widget\" data-widget_type=\"button.default\">\n\t\t\t\t\t\t\t\t\t\t<a class=\"elementor-button elementor-button-link elementor-size-sm\" href=\"https:\/\/unsere-apo.de\/tr\/bize-ulasin\/\">\n\t\t\t\t\t\t<span class=\"elementor-button-content-wrapper\">\n\t\t\t\t\t\t\t\t\t<span class=\"elementor-button-text\">\u015eimdi ekibin bir par\u00e7as\u0131 olun<\/span>\n\t\t\t\t\t<\/span>\n\t\t\t\t\t<\/a>\n\t\t\t\t\t\t\t\t<\/div>\n\t\t\t\t<\/div>\n\t\t\t\t\t<\/div>\n\t\t\t\t<\/div>\n\t\t<div class=\"elementor-element elementor-element-fa54418 e-flex e-con-boxed e-con e-parent\" data-id=\"fa54418\" data-element_type=\"container\" data-e-type=\"container\" data-settings=\"{&quot;background_background&quot;:&quot;classic&quot;}\">\n\t\t\t\t\t<div class=\"e-con-inner\">\n\t\t\t\t<div class=\"elementor-element elementor-element-1304c87 elementor-widget elementor-widget-heading\" data-id=\"1304c87\" data-element_type=\"widget\" data-e-type=\"widget\" data-widget_type=\"heading.default\">\n\t\t\t\t\t<h2 class=\"elementor-heading-title elementor-size-default\">Birlikte b\u00fcy\u00fcyoruz - gelece\u011finiz bizimle<\/h2>\t\t\t\t<\/div>\n\t\t\t\t<div class=\"elementor-element elementor-element-c409d05 elementor-widget elementor-widget-text-editor\" data-id=\"c409d05\" data-element_type=\"widget\" data-e-type=\"widget\" data-widget_type=\"text-editor.default\">\n\t\t\t\t\t\t\t\t\t<p>\u015eirketimizde ekip ruhu, takdir ve i\u015ften keyif alma \u00e7ok \u00f6nemlidir. Yap\u0131land\u0131r\u0131lm\u0131\u015f s\u00fcre\u00e7ler, d\u00fcz hiyerar\u015filer ve samimi bir atmosfer, ki\u015fisel sorumluluk ve ki\u015fisel geli\u015fim i\u00e7in alan yarat\u0131r. \u0130ster kariyerine yeni ba\u015flam\u0131\u015f ister deneyimli bir uzman olun &#8211; sorumluluk sahibi \u00e7al\u0131\u015fmaktan ho\u015flan\u0131yor ve naturopati konusunda hevesliyseniz do\u011fru yerdesiniz. \u015eu anda bo\u015f pozisyon olmasa bile, talep edilmemi\u015f ba\u015fvurunuzu her zaman almay\u0131 d\u00f6rt g\u00f6zle bekliyoruz!   <\/p>\t\t\t\t\t\t\t\t<\/div>\n\t\t\t\t\t<\/div>\n\t\t\t\t<\/div>\n\t\t<div class=\"elementor-element elementor-element-8a8879b e-grid hexagon-grid e-con-boxed e-con e-parent\" data-id=\"8a8879b\" data-element_type=\"container\" data-e-type=\"container\" data-settings=\"{&quot;background_background&quot;:&quot;classic&quot;}\">\n\t\t\t\t\t<div class=\"e-con-inner\">\n\t\t<div class=\"elementor-element elementor-element-59aadac e-con-full white-text hexagon animated-slow e-flex elementor-invisible e-con e-child\" data-id=\"59aadac\" data-element_type=\"container\" data-e-type=\"container\" data-settings=\"{&quot;background_background&quot;:&quot;classic&quot;,&quot;animation&quot;:&quot;fadeIn&quot;,&quot;animation_delay&quot;:500}\">\n\t\t\t\t<div class=\"elementor-element elementor-element-83f75aa elementor-widget elementor-widget-heading\" data-id=\"83f75aa\" data-element_type=\"widget\" data-e-type=\"widget\" data-widget_type=\"heading.default\">\n\t\t\t\t\t<h3 class=\"elementor-heading-title elementor-size-default\">Cazip \u00fccretlendirme<\/h3>\t\t\t\t<\/div>\n\t\t\t\t<div class=\"elementor-element elementor-element-5d0b267 elementor-widget elementor-widget-text-editor\" data-id=\"5d0b267\" data-element_type=\"widget\" data-e-type=\"widget\" data-widget_type=\"text-editor.default\">\n\t\t\t\t\t\t\t\t\t<p class=\"intro-text\">Standartlar\u0131n \u00fczerinde \u00fccret bizim i\u00e7in do\u011fal bir durumdur<\/p>\t\t\t\t\t\t\t\t<\/div>\n\t\t\t\t<\/div>\n\t\t<div class=\"elementor-element elementor-element-1eeb66a e-con-full white-text hexagon animated-slow e-flex elementor-invisible e-con e-child\" data-id=\"1eeb66a\" data-element_type=\"container\" data-e-type=\"container\" data-settings=\"{&quot;background_background&quot;:&quot;classic&quot;,&quot;animation&quot;:&quot;fadeIn&quot;,&quot;animation_delay&quot;:500}\">\n\t\t\t\t<div class=\"elementor-element elementor-element-b9aaad0 elementor-widget elementor-widget-heading\" data-id=\"b9aaad0\" data-element_type=\"widget\" data-e-type=\"widget\" data-widget_type=\"heading.default\">\n\t\t\t\t\t<h3 class=\"elementor-heading-title elementor-size-default\">\u0130kramiye \u00f6demeleri<\/h3>\t\t\t\t<\/div>\n\t\t\t\t<div class=\"elementor-element elementor-element-0c3e4ed elementor-widget elementor-widget-text-editor\" data-id=\"0c3e4ed\" data-element_type=\"widget\" data-e-type=\"widget\" data-widget_type=\"text-editor.default\">\n\t\t\t\t\t\t\t\t\t<p class=\"intro-text\" style=\"text-align: center;\">Ba\u015far\u0131l\u0131 i\u015f geli\u015fmelerinden herkes faydalan\u0131r<\/p>\t\t\t\t\t\t\t\t<\/div>\n\t\t\t\t<\/div>\n\t\t<div class=\"elementor-element elementor-element-6e4787b e-con-full hexagon hexagon-image animated-slow e-flex elementor-invisible e-con e-child\" data-id=\"6e4787b\" data-element_type=\"container\" data-e-type=\"container\" data-settings=\"{&quot;background_background&quot;:&quot;classic&quot;,&quot;animation&quot;:&quot;fadeIn&quot;,&quot;animation_delay&quot;:500}\">\n\t\t\t\t<div class=\"elementor-element elementor-element-22b338f image-object-fit elementor-widget elementor-widget-image\" data-id=\"22b338f\" data-element_type=\"widget\" data-e-type=\"widget\" data-widget_type=\"image.default\">\n\t\t\t\t\t\t\t\t\t\t\t\t\t\t\t<img fetchpriority=\"high\" decoding=\"async\" width=\"1536\" height=\"1024\" src=\"https:\/\/unsere-apo.de\/wp-content\/uploads\/2018\/03\/blumen-2-1536x1024.jpg\" class=\"attachment-1536x1536 size-1536x1536 wp-image-16658\" alt=\"\" srcset=\"https:\/\/unsere-apo.de\/wp-content\/uploads\/2018\/03\/blumen-2-1536x1024.jpg 1536w, https:\/\/unsere-apo.de\/wp-content\/uploads\/2018\/03\/blumen-2-300x200.jpg 300w, https:\/\/unsere-apo.de\/wp-content\/uploads\/2018\/03\/blumen-2-1024x683.jpg 1024w, https:\/\/unsere-apo.de\/wp-content\/uploads\/2018\/03\/blumen-2-768x512.jpg 768w, https:\/\/unsere-apo.de\/wp-content\/uploads\/2018\/03\/blumen-2.jpg 1920w\" sizes=\"(max-width: 1536px) 100vw, 1536px\" \/>\t\t\t\t\t\t\t\t\t\t\t\t\t\t\t<\/div>\n\t\t\t\t<\/div>\n\t\t<div class=\"elementor-element elementor-element-05a3130 e-con-full white-text hexagon animated-slow e-flex elementor-invisible e-con e-child\" data-id=\"05a3130\" data-element_type=\"container\" data-e-type=\"container\" data-settings=\"{&quot;background_background&quot;:&quot;classic&quot;,&quot;animation&quot;:&quot;fadeIn&quot;,&quot;animation_delay&quot;:500}\">\n\t\t\t\t<div class=\"elementor-element elementor-element-4c949e4 elementor-widget elementor-widget-heading\" data-id=\"4c949e4\" data-element_type=\"widget\" data-e-type=\"widget\" data-widget_type=\"heading.default\">\n\t\t\t\t\t<h3 class=\"elementor-heading-title elementor-size-default\">Harika bir ekip k\u00fclt\u00fcr\u00fc<\/h3>\t\t\t\t<\/div>\n\t\t\t\t<div class=\"elementor-element elementor-element-72a698f elementor-widget elementor-widget-text-editor\" data-id=\"72a698f\" data-element_type=\"widget\" data-e-type=\"widget\" data-widget_type=\"text-editor.default\">\n\t\t\t\t\t\t\t\t\t<p class=\"intro-text\" style=\"text-align: center;\">\u00c7ok fazla destek + \u00e7ok fazla uyum = \u00e7ok fazla e\u011flence!<\/p>\t\t\t\t\t\t\t\t<\/div>\n\t\t\t\t<\/div>\n\t\t<div class=\"elementor-element elementor-element-2371c76 e-con-full white-text hexagon animated-slow e-flex elementor-invisible e-con e-child\" data-id=\"2371c76\" data-element_type=\"container\" data-e-type=\"container\" data-settings=\"{&quot;background_background&quot;:&quot;classic&quot;,&quot;animation&quot;:&quot;fadeIn&quot;,&quot;animation_delay&quot;:500}\">\n\t\t\t\t<div class=\"elementor-element elementor-element-569fb34 elementor-widget elementor-widget-heading\" data-id=\"569fb34\" data-element_type=\"widget\" data-e-type=\"widget\" data-widget_type=\"heading.default\">\n\t\t\t\t\t<h3 class=\"elementor-heading-title elementor-size-default\">Parlak i\u015fyeri<\/h3>\t\t\t\t<\/div>\n\t\t\t\t<div class=\"elementor-element elementor-element-e1415dc elementor-widget elementor-widget-text-editor\" data-id=\"e1415dc\" data-element_type=\"widget\" data-e-type=\"widget\" data-widget_type=\"text-editor.default\">\n\t\t\t\t\t\t\t\t\t<p class=\"intro-text\" style=\"text-align: center;\">\u0130yi \u0131\u015f\u0131k, geni\u015f odalar &#8211; \u00e7al\u0131\u015fmak i\u00e7in harika bir yer<\/p>\t\t\t\t\t\t\t\t<\/div>\n\t\t\t\t<\/div>\n\t\t<div class=\"elementor-element elementor-element-74cd96a e-con-full white-text hexagon animated-slow e-flex elementor-invisible e-con e-child\" data-id=\"74cd96a\" data-element_type=\"container\" data-e-type=\"container\" data-settings=\"{&quot;background_background&quot;:&quot;classic&quot;,&quot;animation&quot;:&quot;fadeIn&quot;,&quot;animation_delay&quot;:500}\">\n\t\t\t\t<div class=\"elementor-element elementor-element-7089f7f elementor-widget elementor-widget-heading\" data-id=\"7089f7f\" data-element_type=\"widget\" data-e-type=\"widget\" data-widget_type=\"heading.default\">\n\t\t\t\t\t<h3 class=\"elementor-heading-title elementor-size-default\">Net yap\u0131lar<\/h3>\t\t\t\t<\/div>\n\t\t\t\t<div class=\"elementor-element elementor-element-e010db2 elementor-widget elementor-widget-text-editor\" data-id=\"e010db2\" data-element_type=\"widget\" data-e-type=\"widget\" data-widget_type=\"text-editor.default\">\n\t\t\t\t\t\t\t\t\t<p class=\"intro-text\" style=\"text-align: center;\">Tan\u0131mlanm\u0131\u015f s\u00fcre\u00e7ler ve \u015feffaf bir KYS sistemi<\/p>\t\t\t\t\t\t\t\t<\/div>\n\t\t\t\t<\/div>\n\t\t<div class=\"elementor-element elementor-element-a9f756f e-con-full hexagon hexagon-image animated-slow e-flex elementor-invisible e-con e-child\" data-id=\"a9f756f\" data-element_type=\"container\" data-e-type=\"container\" data-settings=\"{&quot;background_background&quot;:&quot;classic&quot;,&quot;animation&quot;:&quot;fadeIn&quot;,&quot;animation_delay&quot;:500}\">\n\t\t\t\t<div class=\"elementor-element elementor-element-82fe0b6 image-object-fit elementor-widget elementor-widget-image\" data-id=\"82fe0b6\" data-element_type=\"widget\" data-e-type=\"widget\" data-widget_type=\"image.default\">\n\t\t\t\t\t\t\t\t\t\t\t\t\t\t\t<img decoding=\"async\" width=\"1536\" height=\"1024\" src=\"https:\/\/unsere-apo.de\/wp-content\/uploads\/2018\/12\/Schyren-Apotheke-1-1536x1024.jpg\" class=\"attachment-1536x1536 size-1536x1536 wp-image-16697\" alt=\"\" srcset=\"https:\/\/unsere-apo.de\/wp-content\/uploads\/2018\/12\/Schyren-Apotheke-1-1536x1024.jpg 1536w, https:\/\/unsere-apo.de\/wp-content\/uploads\/2018\/12\/Schyren-Apotheke-1-300x200.jpg 300w, https:\/\/unsere-apo.de\/wp-content\/uploads\/2018\/12\/Schyren-Apotheke-1-1024x683.jpg 1024w, https:\/\/unsere-apo.de\/wp-content\/uploads\/2018\/12\/Schyren-Apotheke-1-768x512.jpg 768w, https:\/\/unsere-apo.de\/wp-content\/uploads\/2018\/12\/Schyren-Apotheke-1.jpg 1600w\" sizes=\"(max-width: 1536px) 100vw, 1536px\" \/>\t\t\t\t\t\t\t\t\t\t\t\t\t\t\t<\/div>\n\t\t\t\t<\/div>\n\t\t<div class=\"elementor-element elementor-element-a59e4cd e-con-full white-text hexagon animated-slow e-flex elementor-invisible e-con e-child\" data-id=\"a59e4cd\" data-element_type=\"container\" data-e-type=\"container\" data-settings=\"{&quot;background_background&quot;:&quot;classic&quot;,&quot;animation&quot;:&quot;fadeIn&quot;,&quot;animation_delay&quot;:500}\">\n\t\t\t\t<div class=\"elementor-element elementor-element-a902b58 elementor-widget elementor-widget-heading\" data-id=\"a902b58\" data-element_type=\"widget\" data-e-type=\"widget\" data-widget_type=\"heading.default\">\n\t\t\t\t\t<h3 class=\"elementor-heading-title elementor-size-default\">Herkes i\u00e7in kalk\u0131nma<\/h3>\t\t\t\t<\/div>\n\t\t\t\t<div class=\"elementor-element elementor-element-09f851e elementor-widget elementor-widget-text-editor\" data-id=\"09f851e\" data-element_type=\"widget\" data-e-type=\"widget\" data-widget_type=\"text-editor.default\">\n\t\t\t\t\t\t\t\t\t<p class=\"intro-text\" style=\"text-align: center;\">Garantili bir\u00e7ok mesleki geli\u015fim f\u0131rsat\u0131<\/p>\t\t\t\t\t\t\t\t<\/div>\n\t\t\t\t<\/div>\n\t\t\t\t\t<\/div>\n\t\t\t\t<\/div>\n\t\t<div class=\"elementor-element elementor-element-6390a74 hexagon-hero hexagon-hero-content e-flex e-con-boxed e-con e-parent\" data-id=\"6390a74\" data-element_type=\"container\" data-e-type=\"container\" data-settings=\"{&quot;background_background&quot;:&quot;classic&quot;}\">\n\t\t\t\t\t<div class=\"e-con-inner\">\n\t\t<div class=\"elementor-element elementor-element-31b347f e-con-full hexagon-hero_inner hexagon-hero_inner_right white-text animated-slow e-flex elementor-invisible e-con e-child\" data-id=\"31b347f\" data-element_type=\"container\" data-e-type=\"container\" data-settings=\"{&quot;background_background&quot;:&quot;video&quot;,&quot;animation&quot;:&quot;fadeIn&quot;,&quot;animation_delay&quot;:300}\">\n\t\t\t\t<div class=\"elementor-element elementor-element-dd0ebd5 elementor-widget elementor-widget-heading\" data-id=\"dd0ebd5\" data-element_type=\"widget\" data-e-type=\"widget\" data-widget_type=\"heading.default\">\n\t\t\t\t\t<h3 class=\"elementor-heading-title elementor-size-default\">Gen\u00e7 profesyonellerden bile talep edilmemi\u015f ba\u015fvurular\u0131 almaktan her zaman mutluluk duyar\u0131z!  <\/h3>\t\t\t\t<\/div>\n\t\t\t\t<div class=\"elementor-element elementor-element-c1a1029 elementor-widget elementor-widget-text-editor\" data-id=\"c1a1029\" data-element_type=\"widget\" data-e-type=\"widget\" data-widget_type=\"text-editor.default\">\n\t\t\t\t\t\t\t\t\t<p><strong>L\u00fctfen ba\u015fvurunuzu e-posta ile g\u00f6nderin:  <\/strong><\/p><p><a href=\"mailto:pfaffenhofen@unsere-apo.de\">pfaffenhofen@unsere-apo.de<\/a><\/p><p>G\u00f6nderilen t\u00fcm ba\u015fvuru belgeleri GDPR y\u00f6nergelerine uygun olarak ele al\u0131nacakt\u0131r!<\/p>\t\t\t\t\t\t\t\t<\/div>\n\t\t\t\t<\/div>\n\t\t\t\t\t<\/div>\n\t\t\t\t<\/div>\n\t\t\t\t<\/div>\n\t\t","protected":false},"excerpt":{"rendered":"<p>Yapt\u0131\u011f\u0131m\u0131z i\u015fi seviyoruz \u015eimdi ekibin bir par\u00e7as\u0131 olun Birlikte b\u00fcy\u00fcyoruz &#8211; gelece\u011finiz bizimle \u015eirketimizde ekip ruhu, takdir ve i\u015ften keyif alma \u00e7ok \u00f6nemlidir. Yap\u0131land\u0131r\u0131lm\u0131\u015f s\u00fcre\u00e7ler, d\u00fcz hiyerar\u015filer ve samimi bir atmosfer, ki\u015fisel sorumluluk ve ki\u015fisel geli\u015fim i\u00e7in alan yarat\u0131r. \u0130ster kariyerine yeni ba\u015flam\u0131\u015f ister deneyimli bir uzman olun &#8211; sorumluluk sahibi \u00e7al\u0131\u015fmaktan ho\u015flan\u0131yor ve naturopati [&hellip;]<\/p>\n","protected":false},"author":2,"featured_media":16697,"parent":0,"menu_order":15,"comment_status":"closed","ping_status":"closed","template":"","meta":{"footnotes":""},"class_list":["post-17369","page","type-page","status-publish","has-post-thumbnail","hentry"],"yoast_head":"<!-- This site is optimized with the Yoast SEO plugin v27.2 - https:\/\/yoast.com\/product\/yoast-seo-wordpress\/ -->\n<title>Kariyer - Schyren Apotheke und Apotheke am Schloss<\/title>\n<meta name=\"description\" content=\"Burada ekip ruhu, takdir ve i\u015ften keyif almak \u00e7ok \u00f6nemlidir. Schyren Apotheke&#039;deki kariyeriniz hakk\u0131nda daha fazla bilgi edinin.\" \/>\n<meta name=\"robots\" content=\"index, follow, max-snippet:-1, max-image-preview:large, max-video-preview:-1\" \/>\n<link rel=\"canonical\" href=\"https:\/\/unsere-apo.de\/tr\/kariyer\/\" \/>\n<meta property=\"og:locale\" content=\"tr_TR\" \/>\n<meta property=\"og:type\" content=\"article\" \/>\n<meta property=\"og:title\" content=\"Kariyer - Schyren Apotheke und Apotheke am Schloss\" \/>\n<meta property=\"og:description\" content=\"Burada ekip ruhu, takdir ve i\u015ften keyif almak \u00e7ok \u00f6nemlidir. Schyren Apotheke&#039;deki kariyeriniz hakk\u0131nda daha fazla bilgi edinin.\" \/>\n<meta property=\"og:url\" content=\"https:\/\/unsere-apo.de\/tr\/kariyer\/\" \/>\n<meta property=\"og:site_name\" content=\"Schyren Apotheke und Apotheke am Schloss\" \/>\n<meta property=\"article:modified_time\" content=\"2025-09-12T12:32:40+00:00\" \/>\n<meta property=\"og:image\" content=\"https:\/\/unsere-apo.de\/wp-content\/uploads\/2018\/12\/Schyren-Apotheke-1.jpg\" \/>\n\t<meta property=\"og:image:width\" content=\"1600\" \/>\n\t<meta property=\"og:image:height\" content=\"1067\" \/>\n\t<meta property=\"og:image:type\" content=\"image\/jpeg\" \/>\n<meta name=\"twitter:card\" content=\"summary_large_image\" \/>\n<meta name=\"twitter:label1\" content=\"Tahmini okuma s\u00fcresi\" \/>\n\t<meta name=\"twitter:data1\" content=\"1 dakika\" \/>\n<script type=\"application\/ld+json\" class=\"yoast-schema-graph\">{\"@context\":\"https:\/\/schema.org\",\"@graph\":[{\"@type\":\"WebPage\",\"@id\":\"https:\/\/unsere-apo.de\/tr\/kariyer\/\",\"url\":\"https:\/\/unsere-apo.de\/tr\/kariyer\/\",\"name\":\"Kariyer - Schyren Apotheke und Apotheke am Schloss\",\"isPartOf\":{\"@id\":\"https:\/\/unsere-apo.de\/tr\/#website\"},\"primaryImageOfPage\":{\"@id\":\"https:\/\/unsere-apo.de\/tr\/kariyer\/#primaryimage\"},\"image\":{\"@id\":\"https:\/\/unsere-apo.de\/tr\/kariyer\/#primaryimage\"},\"thumbnailUrl\":\"https:\/\/unsere-apo.de\/wp-content\/uploads\/2018\/12\/Schyren-Apotheke-1.jpg\",\"datePublished\":\"2025-06-10T06:32:57+00:00\",\"dateModified\":\"2025-09-12T12:32:40+00:00\",\"description\":\"Burada ekip ruhu, takdir ve i\u015ften keyif almak \u00e7ok \u00f6nemlidir. Schyren Apotheke'deki kariyeriniz hakk\u0131nda daha fazla bilgi edinin.\",\"breadcrumb\":{\"@id\":\"https:\/\/unsere-apo.de\/tr\/kariyer\/#breadcrumb\"},\"inLanguage\":\"tr\",\"potentialAction\":[{\"@type\":\"ReadAction\",\"target\":[\"https:\/\/unsere-apo.de\/tr\/kariyer\/\"]}]},{\"@type\":\"ImageObject\",\"inLanguage\":\"tr\",\"@id\":\"https:\/\/unsere-apo.de\/tr\/kariyer\/#primaryimage\",\"url\":\"https:\/\/unsere-apo.de\/wp-content\/uploads\/2018\/12\/Schyren-Apotheke-1.jpg\",\"contentUrl\":\"https:\/\/unsere-apo.de\/wp-content\/uploads\/2018\/12\/Schyren-Apotheke-1.jpg\",\"width\":1600,\"height\":1067},{\"@type\":\"BreadcrumbList\",\"@id\":\"https:\/\/unsere-apo.de\/tr\/kariyer\/#breadcrumb\",\"itemListElement\":[{\"@type\":\"ListItem\",\"position\":1,\"name\":\"Home\",\"item\":\"https:\/\/unsere-apo.de\/tr\/ana-sayfa\/\"},{\"@type\":\"ListItem\",\"position\":2,\"name\":\"Kariyer\"}]},{\"@type\":\"WebSite\",\"@id\":\"https:\/\/unsere-apo.de\/tr\/#website\",\"url\":\"https:\/\/unsere-apo.de\/tr\/\",\"name\":\"Schyren Apotheke und Apotheke am Schloss\",\"description\":\"Apothekerin Gertrud Elsenberger\",\"publisher\":{\"@id\":\"https:\/\/unsere-apo.de\/tr\/#organization\"},\"potentialAction\":[{\"@type\":\"SearchAction\",\"target\":{\"@type\":\"EntryPoint\",\"urlTemplate\":\"https:\/\/unsere-apo.de\/tr\/?s={search_term_string}\"},\"query-input\":{\"@type\":\"PropertyValueSpecification\",\"valueRequired\":true,\"valueName\":\"search_term_string\"}}],\"inLanguage\":\"tr\"},{\"@type\":\"Organization\",\"@id\":\"https:\/\/unsere-apo.de\/tr\/#organization\",\"name\":\"Schyren Apotheke und Apotheke am Schloss\",\"url\":\"https:\/\/unsere-apo.de\/tr\/\",\"logo\":{\"@type\":\"ImageObject\",\"inLanguage\":\"tr\",\"@id\":\"https:\/\/unsere-apo.de\/tr\/#\/schema\/logo\/image\/\",\"url\":\"https:\/\/unsere-apo.de\/wp-content\/uploads\/2018\/03\/beide-logos-blau-rot.png\",\"contentUrl\":\"https:\/\/unsere-apo.de\/wp-content\/uploads\/2018\/03\/beide-logos-blau-rot.png\",\"width\":800,\"height\":250,\"caption\":\"Schyren Apotheke und Apotheke am Schloss\"},\"image\":{\"@id\":\"https:\/\/unsere-apo.de\/tr\/#\/schema\/logo\/image\/\"}}]}<\/script>\n<!-- \/ Yoast SEO plugin. -->","yoast_head_json":{"title":"Kariyer - Schyren Apotheke und Apotheke am Schloss","description":"Burada ekip ruhu, takdir ve i\u015ften keyif almak \u00e7ok \u00f6nemlidir. Schyren Apotheke'deki kariyeriniz hakk\u0131nda daha fazla bilgi edinin.","robots":{"index":"index","follow":"follow","max-snippet":"max-snippet:-1","max-image-preview":"max-image-preview:large","max-video-preview":"max-video-preview:-1"},"canonical":"https:\/\/unsere-apo.de\/tr\/kariyer\/","og_locale":"tr_TR","og_type":"article","og_title":"Kariyer - Schyren Apotheke und Apotheke am Schloss","og_description":"Burada ekip ruhu, takdir ve i\u015ften keyif almak \u00e7ok \u00f6nemlidir. Schyren Apotheke'deki kariyeriniz hakk\u0131nda daha fazla bilgi edinin.","og_url":"https:\/\/unsere-apo.de\/tr\/kariyer\/","og_site_name":"Schyren Apotheke und Apotheke am Schloss","article_modified_time":"2025-09-12T12:32:40+00:00","og_image":[{"width":1600,"height":1067,"url":"https:\/\/unsere-apo.de\/wp-content\/uploads\/2018\/12\/Schyren-Apotheke-1.jpg","type":"image\/jpeg"}],"twitter_card":"summary_large_image","twitter_misc":{"Tahmini okuma s\u00fcresi":"1 dakika"},"schema":{"@context":"https:\/\/schema.org","@graph":[{"@type":"WebPage","@id":"https:\/\/unsere-apo.de\/tr\/kariyer\/","url":"https:\/\/unsere-apo.de\/tr\/kariyer\/","name":"Kariyer - Schyren Apotheke und Apotheke am Schloss","isPartOf":{"@id":"https:\/\/unsere-apo.de\/tr\/#website"},"primaryImageOfPage":{"@id":"https:\/\/unsere-apo.de\/tr\/kariyer\/#primaryimage"},"image":{"@id":"https:\/\/unsere-apo.de\/tr\/kariyer\/#primaryimage"},"thumbnailUrl":"https:\/\/unsere-apo.de\/wp-content\/uploads\/2018\/12\/Schyren-Apotheke-1.jpg","datePublished":"2025-06-10T06:32:57+00:00","dateModified":"2025-09-12T12:32:40+00:00","description":"Burada ekip ruhu, takdir ve i\u015ften keyif almak \u00e7ok \u00f6nemlidir. Schyren Apotheke'deki kariyeriniz hakk\u0131nda daha fazla bilgi edinin.","breadcrumb":{"@id":"https:\/\/unsere-apo.de\/tr\/kariyer\/#breadcrumb"},"inLanguage":"tr","potentialAction":[{"@type":"ReadAction","target":["https:\/\/unsere-apo.de\/tr\/kariyer\/"]}]},{"@type":"ImageObject","inLanguage":"tr","@id":"https:\/\/unsere-apo.de\/tr\/kariyer\/#primaryimage","url":"https:\/\/unsere-apo.de\/wp-content\/uploads\/2018\/12\/Schyren-Apotheke-1.jpg","contentUrl":"https:\/\/unsere-apo.de\/wp-content\/uploads\/2018\/12\/Schyren-Apotheke-1.jpg","width":1600,"height":1067},{"@type":"BreadcrumbList","@id":"https:\/\/unsere-apo.de\/tr\/kariyer\/#breadcrumb","itemListElement":[{"@type":"ListItem","position":1,"name":"Home","item":"https:\/\/unsere-apo.de\/tr\/ana-sayfa\/"},{"@type":"ListItem","position":2,"name":"Kariyer"}]},{"@type":"WebSite","@id":"https:\/\/unsere-apo.de\/tr\/#website","url":"https:\/\/unsere-apo.de\/tr\/","name":"Schyren Apotheke und Apotheke am Schloss","description":"Apothekerin Gertrud Elsenberger","publisher":{"@id":"https:\/\/unsere-apo.de\/tr\/#organization"},"potentialAction":[{"@type":"SearchAction","target":{"@type":"EntryPoint","urlTemplate":"https:\/\/unsere-apo.de\/tr\/?s={search_term_string}"},"query-input":{"@type":"PropertyValueSpecification","valueRequired":true,"valueName":"search_term_string"}}],"inLanguage":"tr"},{"@type":"Organization","@id":"https:\/\/unsere-apo.de\/tr\/#organization","name":"Schyren Apotheke und Apotheke am Schloss","url":"https:\/\/unsere-apo.de\/tr\/","logo":{"@type":"ImageObject","inLanguage":"tr","@id":"https:\/\/unsere-apo.de\/tr\/#\/schema\/logo\/image\/","url":"https:\/\/unsere-apo.de\/wp-content\/uploads\/2018\/03\/beide-logos-blau-rot.png","contentUrl":"https:\/\/unsere-apo.de\/wp-content\/uploads\/2018\/03\/beide-logos-blau-rot.png","width":800,"height":250,"caption":"Schyren Apotheke und Apotheke am Schloss"},"image":{"@id":"https:\/\/unsere-apo.de\/tr\/#\/schema\/logo\/image\/"}}]}},"_links":{"self":[{"href":"https:\/\/unsere-apo.de\/tr\/wp-json\/wp\/v2\/pages\/17369","targetHints":{"allow":["GET"]}}],"collection":[{"href":"https:\/\/unsere-apo.de\/tr\/wp-json\/wp\/v2\/pages"}],"about":[{"href":"https:\/\/unsere-apo.de\/tr\/wp-json\/wp\/v2\/types\/page"}],"author":[{"embeddable":true,"href":"https:\/\/unsere-apo.de\/tr\/wp-json\/wp\/v2\/users\/2"}],"replies":[{"embeddable":true,"href":"https:\/\/unsere-apo.de\/tr\/wp-json\/wp\/v2\/comments?post=17369"}],"version-history":[{"count":6,"href":"https:\/\/unsere-apo.de\/tr\/wp-json\/wp\/v2\/pages\/17369\/revisions"}],"predecessor-version":[{"id":17851,"href":"https:\/\/unsere-apo.de\/tr\/wp-json\/wp\/v2\/pages\/17369\/revisions\/17851"}],"wp:featuredmedia":[{"embeddable":true,"href":"https:\/\/unsere-apo.de\/tr\/wp-json\/wp\/v2\/media\/16697"}],"wp:attachment":[{"href":"https:\/\/unsere-apo.de\/tr\/wp-json\/wp\/v2\/media?parent=17369"}],"curies":[{"name":"wp","href":"https:\/\/api.w.org\/{rel}","templated":true}]}}